{"id":51,"date":"2018-06-04T16:06:41","date_gmt":"2018-06-04T16:06:41","guid":{"rendered":"http:\/\/www.schlossduefel.de\/?page_id=51"},"modified":"2024-12-03T20:24:57","modified_gmt":"2024-12-03T20:24:57","slug":"dsgvo","status":"publish","type":"page","link":"http:\/\/www.schlossduefel.de\/?page_id=51","title":{"rendered":"Impressum"},"content":{"rendered":"\n<p>Schlossduefel Clique L\u00f6rrach 1980 e.V.<br>Vereinsvorstand:<\/p>\n\n\n\n<p>Manuela Wessels<br>B\u00fcrgelnblick 8<br>79588 Efringen-Kirchen<br>Deutschland<br>Email: schlossduefel@googlemail.com<\/p>\n\n\n\n<p>Verantwortlich f\u00fcr Inhalt:&nbsp;<\/p>\n\n\n\n<p>Plattform der Europ\u00e4ischen Kommission zur Online-Streitbeilegung (OS) f\u00fcr Verbraucher:\u00a0<a href=\"https:\/\/ec.europa.eu\/consumers\/odr\/\" target=\"_blank\" rel=\"noreferrer noopener\">https:\/\/ec.europa.eu\/consumers\/odr\/<\/a>. Wir sind nicht bereit und nicht verpflichtet an einem Streitbeilegungsverfahren vor einer Verbraucherschlichtungsstelle teilzunehmen.<\/p>\n","protected":false},"excerpt":{"rendered":"<p>Schlossduefel Clique L\u00f6rrach 1980 e.V.Vereinsvorstand: Manuela WesselsB\u00fcrgelnblick 879588 Efringen-KirchenDeutschlandEmail: schlossduefel@googlemail.com Verantwortlich f\u00fcr Inhalt:&nbsp; Plattform der Europ\u00e4ischen Kommission zur Online-Streitbeilegung (OS) f\u00fcr Verbraucher:\u00a0https:\/\/ec.europa.eu\/consumers\/odr\/. Wir sind nicht bereit und nicht verpflichtet an einem Streitbeilegungsverfahren vor einer Verbraucherschlichtungsstelle teilzunehmen.<\/p>\n","protected":false},"author":1,"featured_media":0,"parent":0,"menu_order":0,"comment_status":"closed","ping_status":"closed","template":"","meta":{"footnotes":""},"class_list":["post-51","page","type-page","status-publish","hentry"],"_links":{"self":[{"href":"http:\/\/www.schlossduefel.de\/index.php?rest_route=\/wp\/v2\/pages\/51","targetHints":{"allow":["GET"]}}],"collection":[{"href":"http:\/\/www.schlossduefel.de\/index.php?rest_route=\/wp\/v2\/pages"}],"about":[{"href":"http:\/\/www.schlossduefel.de\/index.php?rest_route=\/wp\/v2\/types\/page"}],"author":[{"embeddable":true,"href":"http:\/\/www.schlossduefel.de\/index.php?rest_route=\/wp\/v2\/users\/1"}],"replies":[{"embeddable":true,"href":"http:\/\/www.schlossduefel.de\/index.php?rest_route=%2Fwp%2Fv2%2Fcomments&post=51"}],"version-history":[{"count":4,"href":"http:\/\/www.schlossduefel.de\/index.php?rest_route=\/wp\/v2\/pages\/51\/revisions"}],"predecessor-version":[{"id":472,"href":"http:\/\/www.schlossduefel.de\/index.php?rest_route=\/wp\/v2\/pages\/51\/revisions\/472"}],"wp:attachment":[{"href":"http:\/\/www.schlossduefel.de\/index.php?rest_route=%2Fwp%2Fv2%2Fmedia&parent=51"}],"curies":[{"name":"wp","href":"https:\/\/api.w.org\/{rel}","templated":true}]}}